{"id":152,"date":"2017-10-06T08:37:19","date_gmt":"2017-10-06T08:37:19","guid":{"rendered":"https:\/\/aloe-canarias.com\/?page_id=152"},"modified":"2017-11-14T12:45:13","modified_gmt":"2017-11-14T12:45:13","slug":"bio","status":"publish","type":"page","link":"https:\/\/aloe-canarias.com\/de\/bio\/","title":{"rendered":"BIO"},"content":{"rendered":"<p><div class=\"fusion-fullwidth fullwidth-box fusion-builder-row-3 nonhundred-percent-fullwidth non-hundred-percent-height-scrolling\" style=\"--awb-border-radius-top-left:0px;--awb-border-radius-top-right:0px;--awb-border-radius-bottom-right:0px;--awb-border-radius-bottom-left:0px;--awb-flex-wrap:wrap;\" ><div class=\"fusion-builder-row fusion-row\"><div class=\"fusion-layout-column fusion_builder_column fusion-builder-column-2 fusion_builder_column_1_1 1_1 fusion-one-full fusion-column-first fusion-column-last\" style=\"--awb-bg-size:cover;\"><div class=\"fusion-column-wrapper fusion-flex-column-wrapper-legacy\"><div class=\"fusion-text fusion-text-3\"><p>Die Konsumenten fordern st\u00e4ndig eine Verbesserung der Produkte, die wir anbieten. Wir teilen Ihre Besorgnis in Erneuerungen und Qualit\u00e4t. Aus diesem Wunsch heraus entsteht die organische Linie, Produkte von Klasse, die zudem vollkommen nat\u00fcrlich sind. Daher sind sie die beste Wahl f\u00fcr all die Personen mit Allergien und Unvertr\u00e4glichkeiten. Genauso f\u00fcr diejenigen, welche die besten Ergebnisse f\u00fcr ihre Haut mit nat\u00fcrlichen Produkten erzielen m\u00f6chten, welche die Umwelt achten.<\/p>\n<p>Die Produkte, welche die organische Linie umfasst, sind das Ergebnis der Bestrebung, einen weiteren Schritt in Richtung der nat\u00fcrlichen Linie zu tun. Sie bilden einen Teil unserer Philosophie, die uns mit der Nachhaltigkeit und einer verantwortlichen Entwicklung verbindet mit der wir uns indentifizieren und f\u00fcr die wir t\u00e4glich arbeiten.<\/p>\n<\/div><div class=\"fusion-image-carousel fusion-image-carousel-auto fusion-image-carousel-3 lightbox-enabled fusion-carousel-border\"><div class=\"awb-carousel awb-swiper awb-swiper-carousel awb-carousel--carousel awb-swiper-dots-position-bottom\" data-layout=\"carousel\" data-autoplay=\"yes\" data-autoplayspeed=\"2500\" data-autoplaypause=\"no\" data-columns=\"1\" data-columnsmedium=\"1\" data-columnssmall=\"1\" data-itemmargin=\"0\" data-itemwidth=\"180\" data-touchscroll=\"no\" data-freemode=\"no\" data-imagesize=\"auto\" data-scrollitems=\"0\" data-centeredslides=\"no\" data-rotationangle=\"50\" data-depth=\"100\" data-speed=\"500\" data-shadow=\"no\" data-pagination=\"bullets\" style=\"--awb-columns:1;--awb-column-spacing:0px;--awb-border-width:1px;--awb-border-color:#e9eaee;\"><div class=\"swiper-wrapper awb-image-carousel-wrapper fusion-flex-align-items-center\"><div class=\"swiper-slide\"><div class=\"fusion-carousel-item-wrapper\"><div class=\"fusion-image-wrapper hover-type-none\"><a data-rel=\"iLightbox[image_carousel_3]\" data-title=\"slb13\" aria-label=\"slb13\" href=\"https:\/\/aloe-canarias.com\/wp-content\/uploads\/2017\/10\/slb13.jpg\" target=\"_self\"><img decoding=\"async\" width=\"1800\" height=\"1239\" src=\"https:\/\/aloe-canarias.com\/wp-content\/uploads\/2017\/10\/slb13.jpg\" class=\"attachment-full size-full\" alt=\"\" srcset=\"https:\/\/aloe-canarias.com\/wp-content\/uploads\/2017\/10\/slb13-200x138.jpg 200w, https:\/\/aloe-canarias.com\/wp-content\/uploads\/2017\/10\/slb13-300x207.jpg 300w, https:\/\/aloe-canarias.com\/wp-content\/uploads\/2017\/10\/slb13-400x275.jpg 400w, https:\/\/aloe-canarias.com\/wp-content\/uploads\/2017\/10\/slb13-600x413.jpg 600w, https:\/\/aloe-canarias.com\/wp-content\/uploads\/2017\/10\/slb13-768x529.jpg 768w, https:\/\/aloe-canarias.com\/wp-content\/uploads\/2017\/10\/slb13-800x551.jpg 800w, https:\/\/aloe-canarias.com\/wp-content\/uploads\/2017\/10\/slb13-1024x705.jpg 1024w, https:\/\/aloe-canarias.com\/wp-content\/uploads\/2017\/10\/slb13-1200x826.jpg 1200w, https:\/\/aloe-canarias.com\/wp-content\/uploads\/2017\/10\/slb13.jpg 1800w\" sizes=\"(max-width: 1800px) 100vw, 1800px\" \/><\/a><\/div><\/div><\/div><div class=\"swiper-slide\"><div class=\"fusion-carousel-item-wrapper\"><div class=\"fusion-image-wrapper hover-type-none\"><a data-rel=\"iLightbox[image_carousel_3]\" data-title=\"slb3\" aria-label=\"slb3\" href=\"https:\/\/aloe-canarias.com\/wp-content\/uploads\/2017\/08\/slb3.jpg\" target=\"_self\"><img decoding=\"async\" width=\"1350\" height=\"929\" src=\"https:\/\/aloe-canarias.com\/wp-content\/uploads\/2017\/08\/slb3.jpg\" class=\"attachment-full size-full\" alt=\"\" srcset=\"https:\/\/aloe-canarias.com\/wp-content\/uploads\/2017\/08\/slb3-200x138.jpg 200w, https:\/\/aloe-canarias.com\/wp-content\/uploads\/2017\/08\/slb3-300x206.jpg 300w, https:\/\/aloe-canarias.com\/wp-content\/uploads\/2017\/08\/slb3-400x275.jpg 400w, https:\/\/aloe-canarias.com\/wp-content\/uploads\/2017\/08\/slb3-600x413.jpg 600w, https:\/\/aloe-canarias.com\/wp-content\/uploads\/2017\/08\/slb3-768x528.jpg 768w, https:\/\/aloe-canarias.com\/wp-content\/uploads\/2017\/08\/slb3-800x551.jpg 800w, https:\/\/aloe-canarias.com\/wp-content\/uploads\/2017\/08\/slb3-1024x705.jpg 1024w, https:\/\/aloe-canarias.com\/wp-content\/uploads\/2017\/08\/slb3-1200x826.jpg 1200w, https:\/\/aloe-canarias.com\/wp-content\/uploads\/2017\/08\/slb3.jpg 1350w\" sizes=\"(max-width: 1350px) 100vw, 1350px\" \/><\/a><\/div><\/div><\/div><div class=\"swiper-slide\"><div class=\"fusion-carousel-item-wrapper\"><div class=\"fusion-image-wrapper hover-type-none\"><a data-rel=\"iLightbox[image_carousel_3]\" data-title=\"slb5\" aria-label=\"slb5\" href=\"https:\/\/aloe-canarias.com\/wp-content\/uploads\/2017\/08\/slb5.jpg\" target=\"_self\"><img decoding=\"async\" width=\"1800\" height=\"1239\" src=\"https:\/\/aloe-canarias.com\/wp-content\/uploads\/2017\/08\/slb5.jpg\" class=\"attachment-full size-full\" alt=\"\" srcset=\"https:\/\/aloe-canarias.com\/wp-content\/uploads\/2017\/08\/slb5-200x138.jpg 200w, https:\/\/aloe-canarias.com\/wp-content\/uploads\/2017\/08\/slb5-300x207.jpg 300w, https:\/\/aloe-canarias.com\/wp-content\/uploads\/2017\/08\/slb5-400x275.jpg 400w, https:\/\/aloe-canarias.com\/wp-content\/uploads\/2017\/08\/slb5-600x413.jpg 600w, https:\/\/aloe-canarias.com\/wp-content\/uploads\/2017\/08\/slb5-768x529.jpg 768w, https:\/\/aloe-canarias.com\/wp-content\/uploads\/2017\/08\/slb5-800x551.jpg 800w, https:\/\/aloe-canarias.com\/wp-content\/uploads\/2017\/08\/slb5-1024x705.jpg 1024w, https:\/\/aloe-canarias.com\/wp-content\/uploads\/2017\/08\/slb5-1200x826.jpg 1200w, https:\/\/aloe-canarias.com\/wp-content\/uploads\/2017\/08\/slb5.jpg 1800w\" sizes=\"(max-width: 1800px) 100vw, 1800px\" \/><\/a><\/div><\/div><\/div><\/div><div class=\"awb-swiper-button awb-swiper-button-prev\"><i class=\"awb-icon-angle-left\" aria-hidden=\"true\"><\/i><\/div><div class=\"awb-swiper-button awb-swiper-button-next\"><i class=\"awb-icon-angle-right\" aria-hidden=\"true\"><\/i><\/div><\/div><\/div><div class=\"fusion-clearfix\"><\/div><\/div><\/div><\/div><\/div><\/p>","protected":false},"excerpt":{"rendered":"","protected":false},"author":2,"featured_media":0,"parent":0,"menu_order":0,"comment_status":"closed","ping_status":"closed","template":"","meta":{"footnotes":""},"class_list":["post-152","page","type-page","status-publish","hentry"],"yoast_head":"<!-- This site is optimized with the Yoast SEO plugin v27.5 - https:\/\/yoast.com\/product\/yoast-seo-wordpress\/ -->\n<title>BIO - Aloe+ Canarias<\/title>\n<meta name=\"robots\" content=\"index, follow, max-snippet:-1, max-image-preview:large, max-video-preview:-1\" \/>\n<link rel=\"canonical\" href=\"https:\/\/aloe-canarias.com\/bio\/\" \/>\n<meta property=\"og:locale\" content=\"de_DE\" \/>\n<meta property=\"og:type\" content=\"article\" \/>\n<meta property=\"og:title\" content=\"BIO - Aloe+ Canarias\" \/>\n<meta property=\"og:url\" content=\"https:\/\/aloe-canarias.com\/bio\/\" \/>\n<meta property=\"og:site_name\" content=\"Aloe+ Canarias\" \/>\n<meta property=\"article:modified_time\" content=\"2017-11-14T12:45:13+00:00\" \/>\n<meta name=\"twitter:card\" content=\"summary_large_image\" \/>\n<meta name=\"twitter:label1\" content=\"Gesch\u00e4tzte Lesezeit\" \/>\n\t<meta name=\"twitter:data1\" content=\"6\u00a0Minuten\" \/>\n<script type=\"application\/ld+json\" class=\"yoast-schema-graph\">{\"@context\":\"https:\\\/\\\/schema.org\",\"@graph\":[{\"@type\":\"WebPage\",\"@id\":\"https:\\\/\\\/aloe-canarias.com\\\/bio\\\/\",\"url\":\"https:\\\/\\\/aloe-canarias.com\\\/bio\\\/\",\"name\":\"BIO - Aloe+ Canarias\",\"isPartOf\":{\"@id\":\"https:\\\/\\\/aloe-canarias.com\\\/#website\"},\"datePublished\":\"2017-10-06T08:37:19+00:00\",\"dateModified\":\"2017-11-14T12:45:13+00:00\",\"breadcrumb\":{\"@id\":\"https:\\\/\\\/aloe-canarias.com\\\/bio\\\/#breadcrumb\"},\"inLanguage\":\"de\",\"potentialAction\":[{\"@type\":\"ReadAction\",\"target\":[\"https:\\\/\\\/aloe-canarias.com\\\/bio\\\/\"]}]},{\"@type\":\"BreadcrumbList\",\"@id\":\"https:\\\/\\\/aloe-canarias.com\\\/bio\\\/#breadcrumb\",\"itemListElement\":[{\"@type\":\"ListItem\",\"position\":1,\"name\":\"Portada\",\"item\":\"https:\\\/\\\/aloe-canarias.com\\\/\"},{\"@type\":\"ListItem\",\"position\":2,\"name\":\"BIO\"}]},{\"@type\":\"WebSite\",\"@id\":\"https:\\\/\\\/aloe-canarias.com\\\/#website\",\"url\":\"https:\\\/\\\/aloe-canarias.com\\\/\",\"name\":\"Aloe+ Canarias\",\"description\":\"Otro sitio realizado con WordPress\",\"potentialAction\":[{\"@type\":\"SearchAction\",\"target\":{\"@type\":\"EntryPoint\",\"urlTemplate\":\"https:\\\/\\\/aloe-canarias.com\\\/?s={search_term_string}\"},\"query-input\":{\"@type\":\"PropertyValueSpecification\",\"valueRequired\":true,\"valueName\":\"search_term_string\"}}],\"inLanguage\":\"de\"}]}<\/script>\n<!-- \/ Yoast SEO plugin. -->","yoast_head_json":{"title":"BIO - Aloe+ Canarias","robots":{"index":"index","follow":"follow","max-snippet":"max-snippet:-1","max-image-preview":"max-image-preview:large","max-video-preview":"max-video-preview:-1"},"canonical":"https:\/\/aloe-canarias.com\/bio\/","og_locale":"de_DE","og_type":"article","og_title":"BIO - Aloe+ Canarias","og_url":"https:\/\/aloe-canarias.com\/bio\/","og_site_name":"Aloe+ Canarias","article_modified_time":"2017-11-14T12:45:13+00:00","twitter_card":"summary_large_image","twitter_misc":{"Gesch\u00e4tzte Lesezeit":"6\u00a0Minuten"},"schema":{"@context":"https:\/\/schema.org","@graph":[{"@type":"WebPage","@id":"https:\/\/aloe-canarias.com\/bio\/","url":"https:\/\/aloe-canarias.com\/bio\/","name":"BIO - Aloe+ Canarias","isPartOf":{"@id":"https:\/\/aloe-canarias.com\/#website"},"datePublished":"2017-10-06T08:37:19+00:00","dateModified":"2017-11-14T12:45:13+00:00","breadcrumb":{"@id":"https:\/\/aloe-canarias.com\/bio\/#breadcrumb"},"inLanguage":"de","potentialAction":[{"@type":"ReadAction","target":["https:\/\/aloe-canarias.com\/bio\/"]}]},{"@type":"BreadcrumbList","@id":"https:\/\/aloe-canarias.com\/bio\/#breadcrumb","itemListElement":[{"@type":"ListItem","position":1,"name":"Portada","item":"https:\/\/aloe-canarias.com\/"},{"@type":"ListItem","position":2,"name":"BIO"}]},{"@type":"WebSite","@id":"https:\/\/aloe-canarias.com\/#website","url":"https:\/\/aloe-canarias.com\/","name":"Aloe+ Canarias","description":"Otro sitio realizado con WordPress","potentialAction":[{"@type":"SearchAction","target":{"@type":"EntryPoint","urlTemplate":"https:\/\/aloe-canarias.com\/?s={search_term_string}"},"query-input":{"@type":"PropertyValueSpecification","valueRequired":true,"valueName":"search_term_string"}}],"inLanguage":"de"}]}},"_links":{"self":[{"href":"https:\/\/aloe-canarias.com\/de\/wp-json\/wp\/v2\/pages\/152","targetHints":{"allow":["GET"]}}],"collection":[{"href":"https:\/\/aloe-canarias.com\/de\/wp-json\/wp\/v2\/pages"}],"about":[{"href":"https:\/\/aloe-canarias.com\/de\/wp-json\/wp\/v2\/types\/page"}],"author":[{"embeddable":true,"href":"https:\/\/aloe-canarias.com\/de\/wp-json\/wp\/v2\/users\/2"}],"replies":[{"embeddable":true,"href":"https:\/\/aloe-canarias.com\/de\/wp-json\/wp\/v2\/comments?post=152"}],"version-history":[{"count":5,"href":"https:\/\/aloe-canarias.com\/de\/wp-json\/wp\/v2\/pages\/152\/revisions"}],"predecessor-version":[{"id":216,"href":"https:\/\/aloe-canarias.com\/de\/wp-json\/wp\/v2\/pages\/152\/revisions\/216"}],"wp:attachment":[{"href":"https:\/\/aloe-canarias.com\/de\/wp-json\/wp\/v2\/media?parent=152"}],"curies":[{"name":"wp","href":"https:\/\/api.w.org\/{rel}","templated":true}]}}