{"id":155,"date":"2017-10-06T08:42:07","date_gmt":"2017-10-06T08:42:07","guid":{"rendered":"https:\/\/aloe-canarias.com\/?page_id=155"},"modified":"2017-11-14T12:45:59","modified_gmt":"2017-11-14T12:45:59","slug":"certificaciones","status":"publish","type":"page","link":"https:\/\/aloe-canarias.com\/de\/certificaciones\/","title":{"rendered":"Zertifikate"},"content":{"rendered":"<p><div class=\"fusion-fullwidth fullwidth-box fusion-builder-row-3 nonhundred-percent-fullwidth non-hundred-percent-height-scrolling\" style=\"--awb-border-radius-top-left:0px;--awb-border-radius-top-right:0px;--awb-border-radius-bottom-right:0px;--awb-border-radius-bottom-left:0px;--awb-flex-wrap:wrap;\" ><div class=\"fusion-builder-row fusion-row\"><div class=\"fusion-layout-column fusion_builder_column fusion-builder-column-2 fusion_builder_column_1_1 1_1 fusion-one-full fusion-column-first fusion-column-last\" style=\"--awb-bg-size:cover;--awb-margin-bottom:0px;\"><div class=\"fusion-column-wrapper fusion-flex-column-wrapper-legacy\"><div class=\"fusion-text fusion-text-3\"><p>Unsere Aloe Vera besitzt das Zertifikat organisch von dem kanarischen Institut f\u00fcr Lebensmittelqualit\u00e4t der kanarischen Regierung und ist unter den Betreibern \u00f6kologischer Produktion registriert (ROPE).<\/p>\n<p>Ausserdem haben wir das Zertifkat von NATRUE (Qualit\u00e4tssiegel f\u00fcr Naturprodukte), welches die Qualit\u00e4t unserer organischen Kosmetik garantiert und uns als eines der Hauptprodukte weltweit auszeichnet. Unsere Produkte erf\u00fcllen die vier unerl\u00e4sslichen Bedingungen, um dieses Zertifikat zu bekommen: Zusammensetzung, Sicherheit, Wirksamkeit und Etikettierung laut der geforderten Standards.<\/p>\n<p>Ausserdem achten wir immer darauf, unsere Produkte von der Entstehung an zu pflegen, wobei wir auf eine nachhaltige Entwicklung und Biodiversit\u00e4t achten. Wenn Du etwas mehr \u00fcber das Zertifikat wissen m\u00f6chtest, laden wir Dich ein, uns unter: <a href=\"http:\/\/www.natrue.org\/\" target=\"_blank\">http:\/\/www.natrue.org\/<\/a> zu besuchen.<\/p>\n<\/div><div class=\"fusion-image-element fusion-image-align-center in-legacy-container\" style=\"text-align:center;--awb-caption-title-font-family:var(--h2_typography-font-family);--awb-caption-title-font-weight:var(--h2_typography-font-weight);--awb-caption-title-font-style:var(--h2_typography-font-style);--awb-caption-title-size:var(--h2_typography-font-size);--awb-caption-title-transform:var(--h2_typography-text-transform);--awb-caption-title-line-height:var(--h2_typography-line-height);--awb-caption-title-letter-spacing:var(--h2_typography-letter-spacing);\"><div class=\"imageframe-align-center\"><span class=\" fusion-imageframe imageframe-none imageframe-3 hover-type-zoomin fusion-animated\" data-animationType=\"fadeInLeft\" data-animationDuration=\"0.3\" data-animationOffset=\"top-into-view\"><a class=\"fusion-no-lightbox\" href=\"http:\/\/www.natrue.org\/ \" target=\"_blank\" aria-label=\"productosorg\" rel=\"noopener noreferrer\"><img decoding=\"async\" width=\"677\" height=\"513\" src=\"https:\/\/aloe-canarias.com\/wp-content\/uploads\/2017\/08\/productosorg.jpg\" alt class=\"img-responsive wp-image-136\" srcset=\"https:\/\/aloe-canarias.com\/wp-content\/uploads\/2017\/08\/productosorg-200x152.jpg 200w, https:\/\/aloe-canarias.com\/wp-content\/uploads\/2017\/08\/productosorg-400x303.jpg 400w, https:\/\/aloe-canarias.com\/wp-content\/uploads\/2017\/08\/productosorg-600x455.jpg 600w, https:\/\/aloe-canarias.com\/wp-content\/uploads\/2017\/08\/productosorg.jpg 677w\" sizes=\"(max-width: 800px) 100vw, 677px\" \/><\/a><\/span><\/div><\/div><div class=\"fusion-clearfix\"><\/div><\/div><\/div><\/div><\/div><\/p>","protected":false},"excerpt":{"rendered":"","protected":false},"author":2,"featured_media":0,"parent":0,"menu_order":0,"comment_status":"closed","ping_status":"closed","template":"","meta":{"footnotes":""},"class_list":["post-155","page","type-page","status-publish","hentry"],"yoast_head":"<!-- This site is optimized with the Yoast SEO plugin v27.5 - https:\/\/yoast.com\/product\/yoast-seo-wordpress\/ -->\n<title>Zertifikate - Aloe+ Canarias<\/title>\n<meta name=\"robots\" content=\"index, follow, max-snippet:-1, max-image-preview:large, max-video-preview:-1\" \/>\n<link rel=\"canonical\" href=\"https:\/\/aloe-canarias.com\/certificaciones\/\" \/>\n<meta property=\"og:locale\" content=\"de_DE\" \/>\n<meta property=\"og:type\" content=\"article\" \/>\n<meta property=\"og:title\" content=\"Zertifikate - Aloe+ Canarias\" \/>\n<meta property=\"og:url\" content=\"https:\/\/aloe-canarias.com\/certificaciones\/\" \/>\n<meta property=\"og:site_name\" content=\"Aloe+ Canarias\" \/>\n<meta property=\"article:modified_time\" content=\"2017-11-14T12:45:59+00:00\" \/>\n<meta name=\"twitter:card\" content=\"summary_large_image\" \/>\n<meta name=\"twitter:label1\" content=\"Gesch\u00e4tzte Lesezeit\" \/>\n\t<meta name=\"twitter:data1\" content=\"5\u00a0Minuten\" \/>\n<script type=\"application\/ld+json\" class=\"yoast-schema-graph\">{\"@context\":\"https:\\\/\\\/schema.org\",\"@graph\":[{\"@type\":\"WebPage\",\"@id\":\"https:\\\/\\\/aloe-canarias.com\\\/certificaciones\\\/\",\"url\":\"https:\\\/\\\/aloe-canarias.com\\\/certificaciones\\\/\",\"name\":\"Zertifikate - Aloe+ Canarias\",\"isPartOf\":{\"@id\":\"https:\\\/\\\/aloe-canarias.com\\\/#website\"},\"datePublished\":\"2017-10-06T08:42:07+00:00\",\"dateModified\":\"2017-11-14T12:45:59+00:00\",\"breadcrumb\":{\"@id\":\"https:\\\/\\\/aloe-canarias.com\\\/certificaciones\\\/#breadcrumb\"},\"inLanguage\":\"de\",\"potentialAction\":[{\"@type\":\"ReadAction\",\"target\":[\"https:\\\/\\\/aloe-canarias.com\\\/certificaciones\\\/\"]}]},{\"@type\":\"BreadcrumbList\",\"@id\":\"https:\\\/\\\/aloe-canarias.com\\\/certificaciones\\\/#breadcrumb\",\"itemListElement\":[{\"@type\":\"ListItem\",\"position\":1,\"name\":\"Portada\",\"item\":\"https:\\\/\\\/aloe-canarias.com\\\/\"},{\"@type\":\"ListItem\",\"position\":2,\"name\":\"Certificaciones\"}]},{\"@type\":\"WebSite\",\"@id\":\"https:\\\/\\\/aloe-canarias.com\\\/#website\",\"url\":\"https:\\\/\\\/aloe-canarias.com\\\/\",\"name\":\"Aloe+ Canarias\",\"description\":\"Otro sitio realizado con WordPress\",\"potentialAction\":[{\"@type\":\"SearchAction\",\"target\":{\"@type\":\"EntryPoint\",\"urlTemplate\":\"https:\\\/\\\/aloe-canarias.com\\\/?s={search_term_string}\"},\"query-input\":{\"@type\":\"PropertyValueSpecification\",\"valueRequired\":true,\"valueName\":\"search_term_string\"}}],\"inLanguage\":\"de\"}]}<\/script>\n<!-- \/ Yoast SEO plugin. -->","yoast_head_json":{"title":"Zertifikate - Aloe+ Canarias","robots":{"index":"index","follow":"follow","max-snippet":"max-snippet:-1","max-image-preview":"max-image-preview:large","max-video-preview":"max-video-preview:-1"},"canonical":"https:\/\/aloe-canarias.com\/certificaciones\/","og_locale":"de_DE","og_type":"article","og_title":"Zertifikate - Aloe+ Canarias","og_url":"https:\/\/aloe-canarias.com\/certificaciones\/","og_site_name":"Aloe+ Canarias","article_modified_time":"2017-11-14T12:45:59+00:00","twitter_card":"summary_large_image","twitter_misc":{"Gesch\u00e4tzte Lesezeit":"5\u00a0Minuten"},"schema":{"@context":"https:\/\/schema.org","@graph":[{"@type":"WebPage","@id":"https:\/\/aloe-canarias.com\/certificaciones\/","url":"https:\/\/aloe-canarias.com\/certificaciones\/","name":"Zertifikate - Aloe+ Canarias","isPartOf":{"@id":"https:\/\/aloe-canarias.com\/#website"},"datePublished":"2017-10-06T08:42:07+00:00","dateModified":"2017-11-14T12:45:59+00:00","breadcrumb":{"@id":"https:\/\/aloe-canarias.com\/certificaciones\/#breadcrumb"},"inLanguage":"de","potentialAction":[{"@type":"ReadAction","target":["https:\/\/aloe-canarias.com\/certificaciones\/"]}]},{"@type":"BreadcrumbList","@id":"https:\/\/aloe-canarias.com\/certificaciones\/#breadcrumb","itemListElement":[{"@type":"ListItem","position":1,"name":"Portada","item":"https:\/\/aloe-canarias.com\/"},{"@type":"ListItem","position":2,"name":"Certificaciones"}]},{"@type":"WebSite","@id":"https:\/\/aloe-canarias.com\/#website","url":"https:\/\/aloe-canarias.com\/","name":"Aloe+ Canarias","description":"Otro sitio realizado con WordPress","potentialAction":[{"@type":"SearchAction","target":{"@type":"EntryPoint","urlTemplate":"https:\/\/aloe-canarias.com\/?s={search_term_string}"},"query-input":{"@type":"PropertyValueSpecification","valueRequired":true,"valueName":"search_term_string"}}],"inLanguage":"de"}]}},"_links":{"self":[{"href":"https:\/\/aloe-canarias.com\/de\/wp-json\/wp\/v2\/pages\/155","targetHints":{"allow":["GET"]}}],"collection":[{"href":"https:\/\/aloe-canarias.com\/de\/wp-json\/wp\/v2\/pages"}],"about":[{"href":"https:\/\/aloe-canarias.com\/de\/wp-json\/wp\/v2\/types\/page"}],"author":[{"embeddable":true,"href":"https:\/\/aloe-canarias.com\/de\/wp-json\/wp\/v2\/users\/2"}],"replies":[{"embeddable":true,"href":"https:\/\/aloe-canarias.com\/de\/wp-json\/wp\/v2\/comments?post=155"}],"version-history":[{"count":4,"href":"https:\/\/aloe-canarias.com\/de\/wp-json\/wp\/v2\/pages\/155\/revisions"}],"predecessor-version":[{"id":217,"href":"https:\/\/aloe-canarias.com\/de\/wp-json\/wp\/v2\/pages\/155\/revisions\/217"}],"wp:attachment":[{"href":"https:\/\/aloe-canarias.com\/de\/wp-json\/wp\/v2\/media?parent=155"}],"curies":[{"name":"wp","href":"https:\/\/api.w.org\/{rel}","templated":true}]}}