{"id":176,"date":"2017-10-25T10:02:55","date_gmt":"2017-10-25T10:02:55","guid":{"rendered":"https:\/\/aloe-canarias.com\/politica-de-cookies\/"},"modified":"2020-05-12T13:01:29","modified_gmt":"2020-05-12T13:01:29","slug":"politica-de-cookies","status":"publish","type":"page","link":"https:\/\/aloe-canarias.com\/de\/politica-de-cookies\/","title":{"rendered":"Pol\u00edtica de cookies"},"content":{"rendered":"<h1>Pol\u00edtica de cookies<\/h1>\n<h2>1. \u00bfQu\u00e9 son las Cookies?<\/h2>\n<p>Una cookie es un archivo de texto que un servidor web puede guardar en el disco duro de tu equipo para almacenar alg\u00fan tipo de informaci\u00f3n sobre ti como usuario. Las cookies se utilizan con diversas finalidades tales como almacenar datos para pr\u00f3ximas visitas, para reconocer al usuario y evitar pedir de nuevo la autentificaci\u00f3n, para saber que paginas visitas, o para guardar tus preferencias en \u00e1reas personalizables&#8230;). Normalmente los sitios web utilizan las cookies para obtener informaci\u00f3n estad\u00edstica sobre sus p\u00e1ginas web, y analizar el comportamiento de sus clientes\/usuarios.<\/p>\n<h2>2. Tipos de cookies<\/h2>\n<p>Las cookies pueden clasificarse seg\u00fan los siguientes criterios:<\/p>\n<p>Seg\u00fan <strong>quien instala<\/strong> la cookie \u00e9stas pueden ser:<\/p>\n<ul>\n<li>Cookies <strong>propias<\/strong>: Son aqu\u00e9llas que se env\u00edan al equipo terminal del usuario desde un equipo o dominio gestionado por el propio editor y desde el que se presta el servicio solicitado por el usuario.<\/li>\n<li>Cookies <strong>de terceros<\/strong>: Son aqu\u00e9llas que se env\u00edan al equipo terminal del usuario bien desde un desde un equipo o dominio gestionado por nosotros o por un tercero, pero la informaci\u00f3n que se recoja las cookies es gestionada por un tercero distinto del titular de la web.<\/li>\n<\/ul>\n<p>Seg\u00fan su <strong>plazo de conservaci\u00f3n<\/strong> las cookies pueden ser:<\/p>\n<ul>\n<li>Cookies de sesi\u00f3n: Son aquellas que duran el tiempo que el usuario est\u00e1 navegando por la p\u00e1gina Web y se borran cuando finaliza la navegaci\u00f3n.<\/li>\n<li>Cookies persistentes: Quedan almacenadas en el terminal del usuario, por un tiempo m\u00e1s largo, facilitando as\u00ed el control de las preferencias elegidas sin tener que repetir ciertos par\u00e1metros cada vez que se visite el sitio Web.<\/li>\n<\/ul>\n<p>Seg\u00fan su <strong>finalidad<\/strong> las cookies pueden ser:<\/p>\n<ul>\n<li>Cookies <strong>t\u00e9cnicas<\/strong>: Las cookies t\u00e9cnicas son aquellas imprescindibles y estrictamente necesarias para el correcto funcionamiento de un sitio Web y el uso de las diversas opciones y servicios que ofrece. Por ejemplo, las de mantenimiento de sesi\u00f3n, las que permiten utilizar elementos de seguridad, compartir contenido con redes sociales, etc.<\/li>\n<li>Cookies <strong>de personalizaci\u00f3n<\/strong>: Permiten al usuario escoger o personalizar caracter\u00edsticas de la p\u00e1gina Web como el idioma, configuraci\u00f3n regional o tipo de navegador.<\/li>\n<li>Cookies <strong>anal\u00edticas<\/strong>: Son las utilizadas por los portales Web, para elaborar perfiles de navegaci\u00f3n y poder conocer las preferencias de los usuarios con el fin de mejorar la oferta de productos y servicios. Permiten controlar \u00e1reas geogr\u00e1ficas de mayor inter\u00e9s de un usuario, la informaci\u00f3n de la web de m\u00e1s aceptaci\u00f3n, etc.<\/li>\n<li>Cookies <strong>publicitarias<\/strong> \/ de publicidad: Permiten la gesti\u00f3n de los espacios publicitarios en base a criterios concretos. Por ejemplo, la frecuencia de acceso, el contenido editado, etc. Las cookies de publicidad permiten a trav\u00e9s de la gesti\u00f3n de la publicidad almacenar informaci\u00f3n del comportamiento a trav\u00e9s de la observaci\u00f3n de h\u00e1bitos, estudiando los accesos y formando un perfil de preferencias del usuario, para ofrecerle publicidad relacionada con los intereses de su perfil.<\/li>\n<\/ul>\n<h2>3. Cookies utilizadas en nuestra web<\/h2>\n<p>www.aloepluscanarias.com utiliza los siguientes tipos de cookies en la web:<\/p>\n<p><strong>Cookies t\u00e9cnicas<\/strong><br \/>\nPermiten al usuario navegar por la Web.<\/p>\n<p><strong>Cookies de personalizaci\u00f3n<\/strong><br \/>\nPermiten saber las preferencias del usuario: idioma, productos visitados..<\/p>\n<p><strong>Cookies de an\u00e1lisis<\/strong><br \/>\nUtilizamos cookies de Google Analytics y Smartlook para cuantificar el n\u00famero de usuarios que visitan la Web. Estas cookies permiten medir y analizar la forma en que los usuarios navegan por la Web. Esta informaci\u00f3n permite a ALOE CANARIAS, S.L mejorar continuamente sus servicios y la experiencia de los usuarios de la Web. Para obtener m\u00e1s informaci\u00f3n, puedes consultar la p\u00e1gina de privacidad de Google Analytics: https:\/\/developers.google.com\/analytics\/devguides\/collection\/analyticsjs\/cookie-usage.<\/p>\n<p><strong>Cookies publicitarias y publicitarias comportamentales<\/strong><br \/>\nEstas cookies son utilizadas para mostrar anuncios relevantes para los usuarios en funci\u00f3n del uso que realicen de nuestra web. Adem\u00e1s, limitan el n\u00famero de veces que cada usuario visualiza un anuncio y ayudan a ALOE CANARIAS, S.L a medir la efectividad de sus campa\u00f1as publicitarias. Al navegar por la Web, el usuario acepta instalemos este tipo de cookies en su dispositivo y realicemos consultas cuando el usuario visite la Web de ALOE CANARIAS, S.L en el futuro.<\/p>\n<p><strong>Cookies instaladas en nuestro dominio web:<\/strong><\/p>\n<\/p>\n<div class=\"table-1\">\n<table width=\"100%\">\n<thead>\n<tr>\n<th align=\"left\">Nombre de la cookie<\/th>\n<th align=\"left\">Finalidad<\/th>\n<th align=\"left\">\u00a0Propia\/ de terceros<\/th>\n<th align=\"left\">Duraci\u00f3n<\/th>\n<th align=\"left\">\u00bfCuando se instala?<\/th>\n<\/tr>\n<\/thead>\n<tbody>\n<tr>\n<td align=\"left\">NID<\/td>\n<td align=\"left\">Publicidad<\/td>\n<td align=\"left\">Terceros<\/td>\n<td align=\"left\">1 d\u00eda<\/td>\n<td align=\"left\">Cuando se accede al sitio Web<\/td>\n<\/tr>\n<tr>\n<td align=\"left\">qtrans_front_language<\/td>\n<td align=\"left\">T\u00e9cnicas<\/td>\n<td align=\"left\">Propias<\/td>\n<td align=\"left\">20 d\u00edas<\/td>\n<td align=\"left\">Cuando se accede al sitio Web<\/td>\n<\/tr>\n<\/tbody>\n<\/table>\n<\/div>\n<p>\n<p>Esta web, como la mayor\u00eda de sitios web, incluye funcionalidades proporcionadas por terceros.<\/p>\n<p>Nuestra web es una web viva y se pueden incluir nuevos dise\u00f1os o servicios de terceros. Esto puede modificar ocasionalmente la configuraci\u00f3n de cookies y que aparezcan cookies no detalladas de forma pormenorizada en la presente pol\u00edtica.<\/p>\n<p><strong>Las cookies de terceros utilizadas en nuestra web instaladas por dominios de terceros son las siguientes:<\/strong><\/p>\n\n<div class=\"table-1\">\n<table width=\"100%\">\n<thead>\n<tr>\n<th align=\"left\">Titular<\/th>\n<th align=\"left\">Nombre<\/th>\n<th align=\"left\">\u00bfCuando se instala?<\/th>\n<th align=\"left\">Descripci\u00f3n<\/th>\n<th align=\"left\">Duraci\u00f3n<\/th>\n<th align=\"left\">M\u00e1s informaci\u00f3n<\/th>\n<\/tr>\n<\/thead>\n<tbody>\n<tr>\n<td align=\"left\">google.com\/es<\/td>\n<td align=\"left\">NID<\/td>\n<td align=\"left\">Al navegar por la web<\/td>\n<td align=\"left\">Servicio de mapas provisto por Google. Las cookies de Google Maps registran el origen del usuario y permite recuento de cuantas veces visita el sitio un usuario. Son cookies t\u00e9cnicas y de personalizaci\u00f3n.<\/td>\n<td align=\"left\">Depende de las pol\u00edticas de google<\/td>\n<td align=\"left\">Pulse aqu\u00ed<\/td>\n<\/tr>\n<\/tbody>\n<\/table>\n<\/div>\n<p><br \/>\nNuestro sitio no controla las cookies utilizadas por estos terceros. Para m\u00e1s informaci\u00f3n sobre las cookies de las redes sociales u otras Webs ajenas, aconsejamos revisar sus propias pol\u00edticas de cookies.<\/p>\n<h2>4. Informaci\u00f3n y obtenci\u00f3n del consentimiento para la instalaci\u00f3n<\/h2>\n<p>www.aloepluscanarias.com procurar\u00e1 en todo momento establecer mecanismos adecuados para obtener el consentimiento del Usuario para la instalaci\u00f3n de cookies que lo requieran. Cuando un usuario accede a nuestra web aparece un pop-up en el que se informa de la existencia de cookies y de que si contin\u00faa navegando por nuestra p\u00e1gina presta su consentimiento para la instalaci\u00f3n de cookies.<\/p>\n<h2>5. \u00bfC\u00f3mo puedo impedir la instalaci\u00f3n de cookies?<\/h2>\n<p>El usuario puede configurar su navegador para aceptar, o no, las cookies que recibe o para que el navegador le avise cuando un servidor quiera guardar una cookie. Si se deshabilitan algunas cookies t\u00e9cnicas no se garantiza el correcto funcionamiento de algunas de las utilidades de la web.<\/p>\n<p>El usuario podr\u00e1 excluir que se almacenen en su terminal las cookies &#8222;anal\u00edticas y publicitarias\u201d de Google Analytics mediante los <a href=\"https:\/\/tools.google.com\/dlpage\/gaoptout\">sistemas de exclusi\u00f3n facilitados por Google Analytics<\/a>.<\/p>\n<p>A continuaci\u00f3n, tambi\u00e9n le facilitamos algunos ejemplos de c\u00f3mo deshabilitar las cookies:<\/p>\n<p>a) Mediante la configuraci\u00f3n del propio navegador:<\/p>\n<ul>\n<li>Internet Explorer: <a href=\"http:\/\/windows.microsoft.com\/es-es\/windows-vista\/block-or-allow-cookies\">http:\/\/windows.microsoft.com\/es-es\/windows-vista\/block-or-allow-cookies<\/a><\/li>\n<li>Firefox: <a href=\"https:\/\/support.mozilla.org\/es\/kb\/habilitar-y-deshabilitar-cookies-que-los-sitios-web\">https:\/\/support.mozilla.org\/es\/kb\/habilitar-y-deshabilitar-cookies-que-los-sitios-web<\/a><\/li>\n<li>Safari: <a href=\"http:\/\/support.apple.com\/kb\/HT1677?viewlocale=es_ES\">http:\/\/support.apple.com\/kb\/HT1677?viewlocale=es_ES<\/a><\/li>\n<li>Chrome: <a href=\"https:\/\/support.google.com\/accounts\/answer\/61416?hl=es\">https:\/\/support.google.com\/accounts\/answer\/61416?hl=es<\/a><\/li>\n<li>Opera: <a href=\"http:\/\/help.opera.com\/Windows\/11.50\/es-ES\/cookies.html\">http:\/\/help.opera.com\/Windows\/11.50\/es-ES\/cookies.html<\/a><\/li>\n<\/ul>\n<p>Para ampliar esta informaci\u00f3n acuda a la p\u00e1gina de la Agencia Espa\u00f1ola de Protecci\u00f3n de Datos que ayuda a configurar la privacidad en redes sociales, navegadores y sistemas operativos m\u00f3viles. <a href=\"http:\/\/www.agpd.es\/portalwebAGPD\/CanalDelCiudadano\/protegetuprivacidad\/index-ides-idphp.php\">M\u00e1s informaci\u00f3n<\/a>.<\/p>\n<p>b) Mediante herramientas de terceros:<br \/>\nExisten herramientas de terceros, disponibles on line, que permiten a los usuarios detectar las cookies en cada sitio web que visita y gestionar su desactivaci\u00f3n, por ejemplo:<br \/>\n<a href=\"http:\/\/www.ghostery.com\">http:\/\/www.ghostery.com<\/a><br \/>\n<a href=\"http:\/\/www.youronlinechoices.com\/es\/\">http:\/\/www.youronlinechoices.com\/es\/<\/a><\/p>\n<h2>6. Enlaces a otros sitios web<\/h2>\n<p>Si opta por abandonar nuestro sitio Web a trav\u00e9s de enlaces a otros sitios Web no pertenecientes a nuestra entidad, no nos haremos responsables de las pol\u00edticas de privacidad de dichos sitios Web ni de las cookies que estos puedan almacenar en el ordenador del usuario.<\/p>\n<h2>7. \u00bfC\u00f3mo recopilamos y usamos las direcciones IP?<\/h2>\n<p>Los servidores de la Web podr\u00e1n detectar de manera autom\u00e1tica la direcci\u00f3n IP y el nombre de dominio utilizados por los usuarios.<br \/>\nUna direcci\u00f3n IP es un n\u00famero asignado autom\u00e1ticamente a un ordenador cuando \u00e9ste se conecta a Internet. Esta informaci\u00f3n permite el posterior procesamiento de los datos con el fin de saber si ha prestado su consentimiento para la instalaci\u00f3n de cookies, realizar mediciones \u00fanicamente estad\u00edsticas que permitan conocer el n\u00famero de visitas realizadas a la Web, el orden de visitas, el punto de acceso, etc.<\/p>\n<h2>8. Actualizaci\u00f3n de nuestra pol\u00edtica de cookies<\/h2>\n<p>Esta pol\u00edtica se revisa peri\u00f3dicamente para asegurar su vigencia, por lo que puede ser modificada. Le recomendamos que visite la p\u00e1gina con regularidad donde le informaremos de cualquier actualizaci\u00f3n al respecto.<\/p>\n<p><strong>Fecha: 24\/05\/18<\/strong><br \/>\n<strong>Versi\u00f3n: V.1.0<\/strong><\/p>\n","protected":false},"excerpt":{"rendered":"<p>Pol\u00edtica de cookies 1. \u00bfQu\u00e9 son las Cookies? Una cookie  [&#8230;]<\/p>\n","protected":false},"author":1,"featured_media":0,"parent":0,"menu_order":0,"comment_status":"closed","ping_status":"closed","template":"","meta":{"footnotes":""},"class_list":["post-176","page","type-page","status-publish","hentry"],"yoast_head":"<!-- This site is optimized with the Yoast SEO plugin v27.4 - https:\/\/yoast.com\/product\/yoast-seo-wordpress\/ -->\n<title>Pol\u00edtica de cookies - Aloe+ Canarias<\/title>\n<meta name=\"robots\" content=\"index, follow, max-snippet:-1, max-image-preview:large, max-video-preview:-1\" \/>\n<link rel=\"canonical\" href=\"https:\/\/aloe-canarias.com\/politica-de-cookies\/\" \/>\n<meta property=\"og:locale\" content=\"de_DE\" \/>\n<meta property=\"og:type\" content=\"article\" \/>\n<meta property=\"og:title\" content=\"Pol\u00edtica de cookies - Aloe+ Canarias\" \/>\n<meta property=\"og:description\" content=\"Pol\u00edtica de cookies 1. \u00bfQu\u00e9 son las Cookies? Una cookie [...]\" \/>\n<meta property=\"og:url\" content=\"https:\/\/aloe-canarias.com\/politica-de-cookies\/\" \/>\n<meta property=\"og:site_name\" content=\"Aloe+ Canarias\" \/>\n<meta property=\"article:modified_time\" content=\"2020-05-12T13:01:29+00:00\" \/>\n<meta name=\"twitter:card\" content=\"summary_large_image\" \/>\n<meta name=\"twitter:label1\" content=\"Gesch\u00e4tzte Lesezeit\" \/>\n\t<meta name=\"twitter:data1\" content=\"8\u00a0Minuten\" \/>\n<script type=\"application\/ld+json\" class=\"yoast-schema-graph\">{\"@context\":\"https:\\\/\\\/schema.org\",\"@graph\":[{\"@type\":\"WebPage\",\"@id\":\"https:\\\/\\\/aloe-canarias.com\\\/politica-de-cookies\\\/\",\"url\":\"https:\\\/\\\/aloe-canarias.com\\\/politica-de-cookies\\\/\",\"name\":\"Pol\u00edtica de cookies - Aloe+ Canarias\",\"isPartOf\":{\"@id\":\"https:\\\/\\\/aloe-canarias.com\\\/#website\"},\"datePublished\":\"2017-10-25T10:02:55+00:00\",\"dateModified\":\"2020-05-12T13:01:29+00:00\",\"breadcrumb\":{\"@id\":\"https:\\\/\\\/aloe-canarias.com\\\/politica-de-cookies\\\/#breadcrumb\"},\"inLanguage\":\"de\",\"potentialAction\":[{\"@type\":\"ReadAction\",\"target\":[\"https:\\\/\\\/aloe-canarias.com\\\/politica-de-cookies\\\/\"]}]},{\"@type\":\"BreadcrumbList\",\"@id\":\"https:\\\/\\\/aloe-canarias.com\\\/politica-de-cookies\\\/#breadcrumb\",\"itemListElement\":[{\"@type\":\"ListItem\",\"position\":1,\"name\":\"Portada\",\"item\":\"https:\\\/\\\/aloe-canarias.com\\\/\"},{\"@type\":\"ListItem\",\"position\":2,\"name\":\"Pol\u00edtica de cookies\"}]},{\"@type\":\"WebSite\",\"@id\":\"https:\\\/\\\/aloe-canarias.com\\\/#website\",\"url\":\"https:\\\/\\\/aloe-canarias.com\\\/\",\"name\":\"Aloe+ Canarias\",\"description\":\"Otro sitio realizado con WordPress\",\"potentialAction\":[{\"@type\":\"SearchAction\",\"target\":{\"@type\":\"EntryPoint\",\"urlTemplate\":\"https:\\\/\\\/aloe-canarias.com\\\/?s={search_term_string}\"},\"query-input\":{\"@type\":\"PropertyValueSpecification\",\"valueRequired\":true,\"valueName\":\"search_term_string\"}}],\"inLanguage\":\"de\"}]}<\/script>\n<!-- \/ Yoast SEO plugin. -->","yoast_head_json":{"title":"Pol\u00edtica de cookies - Aloe+ Canarias","robots":{"index":"index","follow":"follow","max-snippet":"max-snippet:-1","max-image-preview":"max-image-preview:large","max-video-preview":"max-video-preview:-1"},"canonical":"https:\/\/aloe-canarias.com\/politica-de-cookies\/","og_locale":"de_DE","og_type":"article","og_title":"Pol\u00edtica de cookies - Aloe+ Canarias","og_description":"Pol\u00edtica de cookies 1. \u00bfQu\u00e9 son las Cookies? Una cookie [...]","og_url":"https:\/\/aloe-canarias.com\/politica-de-cookies\/","og_site_name":"Aloe+ Canarias","article_modified_time":"2020-05-12T13:01:29+00:00","twitter_card":"summary_large_image","twitter_misc":{"Gesch\u00e4tzte Lesezeit":"8\u00a0Minuten"},"schema":{"@context":"https:\/\/schema.org","@graph":[{"@type":"WebPage","@id":"https:\/\/aloe-canarias.com\/politica-de-cookies\/","url":"https:\/\/aloe-canarias.com\/politica-de-cookies\/","name":"Pol\u00edtica de cookies - Aloe+ Canarias","isPartOf":{"@id":"https:\/\/aloe-canarias.com\/#website"},"datePublished":"2017-10-25T10:02:55+00:00","dateModified":"2020-05-12T13:01:29+00:00","breadcrumb":{"@id":"https:\/\/aloe-canarias.com\/politica-de-cookies\/#breadcrumb"},"inLanguage":"de","potentialAction":[{"@type":"ReadAction","target":["https:\/\/aloe-canarias.com\/politica-de-cookies\/"]}]},{"@type":"BreadcrumbList","@id":"https:\/\/aloe-canarias.com\/politica-de-cookies\/#breadcrumb","itemListElement":[{"@type":"ListItem","position":1,"name":"Portada","item":"https:\/\/aloe-canarias.com\/"},{"@type":"ListItem","position":2,"name":"Pol\u00edtica de cookies"}]},{"@type":"WebSite","@id":"https:\/\/aloe-canarias.com\/#website","url":"https:\/\/aloe-canarias.com\/","name":"Aloe+ Canarias","description":"Otro sitio realizado con WordPress","potentialAction":[{"@type":"SearchAction","target":{"@type":"EntryPoint","urlTemplate":"https:\/\/aloe-canarias.com\/?s={search_term_string}"},"query-input":{"@type":"PropertyValueSpecification","valueRequired":true,"valueName":"search_term_string"}}],"inLanguage":"de"}]}},"_links":{"self":[{"href":"https:\/\/aloe-canarias.com\/de\/wp-json\/wp\/v2\/pages\/176","targetHints":{"allow":["GET"]}}],"collection":[{"href":"https:\/\/aloe-canarias.com\/de\/wp-json\/wp\/v2\/pages"}],"about":[{"href":"https:\/\/aloe-canarias.com\/de\/wp-json\/wp\/v2\/types\/page"}],"author":[{"embeddable":true,"href":"https:\/\/aloe-canarias.com\/de\/wp-json\/wp\/v2\/users\/1"}],"replies":[{"embeddable":true,"href":"https:\/\/aloe-canarias.com\/de\/wp-json\/wp\/v2\/comments?post=176"}],"version-history":[{"count":7,"href":"https:\/\/aloe-canarias.com\/de\/wp-json\/wp\/v2\/pages\/176\/revisions"}],"predecessor-version":[{"id":313,"href":"https:\/\/aloe-canarias.com\/de\/wp-json\/wp\/v2\/pages\/176\/revisions\/313"}],"wp:attachment":[{"href":"https:\/\/aloe-canarias.com\/de\/wp-json\/wp\/v2\/media?parent=176"}],"curies":[{"name":"wp","href":"https:\/\/api.w.org\/{rel}","templated":true}]}}