{"id":25,"date":"2017-08-31T12:02:57","date_gmt":"2017-08-31T12:02:57","guid":{"rendered":"https:\/\/aloe-canarias.com\/?page_id=25"},"modified":"2019-12-06T18:01:27","modified_gmt":"2019-12-06T18:01:27","slug":"inicio","status":"publish","type":"page","link":"https:\/\/aloe-canarias.com\/de\/","title":{"rendered":"Home"},"content":{"rendered":"<p><div class=\"fusion-fullwidth fullwidth-box fusion-builder-row-5 faded-background fusion-parallax-fixed nonhundred-percent-fullwidth non-hundred-percent-height-scrolling fusion-equal-height-columns\" style=\"--awb-background-position:center bottom;--awb-border-radius-top-left:0px;--awb-border-radius-top-right:0px;--awb-border-radius-bottom-right:0px;--awb-border-radius-bottom-left:0px;--awb-background-size:cover;--awb-flex-wrap:wrap;background-attachment:fixed;\" ><div class=\"fullwidth-faded\" style=\"--awb-background-color:#e8e8e8;--awb-background-position:center bottom;--awb-background-parallax:fixed;--awb-background-image:url(https:\/\/aloe-canarias.com\/wp-content\/uploads\/2017\/08\/fondoaloeplus.jpg);--awb-background-size:cover;\" ><\/div><div class=\"fusion-builder-row fusion-row\"><div class=\"fusion-layout-column fusion_builder_column fusion-builder-column-4 fusion_builder_column_1_1 1_1 fusion-one-full fusion-column-first fusion-column-last\" style=\"--awb-bg-size:cover;\"><div class=\"fusion-column-wrapper fusion-flex-column-wrapper-legacy\"><div class=\"fusion-content-boxes content-boxes columns row fusion-columns-3 fusion-columns-total-3 fusion-content-boxes-3 content-boxes-icon-on-top content-left fusion-delayed-animation\" style=\"--awb-body-color:#ffffff;--awb-title-color:#ffffff;--awb-margin-top:40px;--awb-margin-bottom:0px;--awb-hover-accent-color:#333333;--awb-circle-hover-accent-color:#333333;\" data-animation-delay=\"300\" data-animationOffset=\"top-mid-of-view\"><div style=\"--awb-backgroundcolor:transparent;\" class=\"fusion-column content-box-column content-box-column content-box-column-1 col-lg-4 col-md-4 col-sm-4 fusion-content-box-hover content-box-column-first-in-row\"><div class=\"col content-box-wrapper content-wrapper link-area-box link-type-text icon-hover-animation-fade fusion-animated\" data-link=\"\/de\/linea-facial\" data-link-target=\"_self\" data-animationType=\"fadeInUp\" data-animationDuration=\"0.3\" data-animationOffset=\"top-mid-of-view\"><div class=\"heading heading-with-icon icon-left\"><a class=\"heading-link\" href=\"\/de\/linea-facial\" target=\"_self\"><div aria-hidden=\"true\" class=\"image\"><img decoding=\"async\" src=\"https:\/\/aloe-canarias.com\/wp-content\/uploads\/2017\/08\/linefacialBanner.jpg\" width=\"300\" height=\"227.33\" alt=\"\" \/><\/div><h2 class=\"content-box-heading\" style=\"--h2_typography-font-size:24px;line-height:29px;\">Kosmetikreihe f\u00fcr die Gesichtspflege<\/h2><\/a><\/div><\/div><\/div><div style=\"--awb-backgroundcolor:transparent;\" class=\"fusion-column content-box-column content-box-column content-box-column-2 col-lg-4 col-md-4 col-sm-4 fusion-content-box-hover \"><div class=\"col content-box-wrapper content-wrapper link-area-box link-type-text icon-hover-animation-fade fusion-animated\" data-link=\"\/de\/linea-corporal\" data-link-target=\"_self\" data-animationType=\"fadeInUp\" data-animationDuration=\"0.3\" data-animationOffset=\"top-mid-of-view\"><div class=\"heading heading-with-icon icon-left\"><a class=\"heading-link\" href=\"\/de\/linea-corporal\" target=\"_self\"><div aria-hidden=\"true\" class=\"image\"><img decoding=\"async\" src=\"https:\/\/aloe-canarias.com\/wp-content\/uploads\/2017\/08\/lineacorporalBanner.jpg\" width=\"300\" height=\"227.33\" alt=\"\" \/><\/div><h2 class=\"content-box-heading\" style=\"--h2_typography-font-size:24px;line-height:29px;\">Kosmetikreihe f\u00fcr die K\u00f6rperpflege<\/h2><\/a><\/div><\/div><\/div><div style=\"--awb-backgroundcolor:transparent;\" class=\"fusion-column content-box-column content-box-column content-box-column-3 col-lg-4 col-md-4 col-sm-4 fusion-content-box-hover content-box-column-last content-box-column-last-in-row\"><div class=\"col content-box-wrapper content-wrapper link-area-box icon-hover-animation-fade fusion-animated\" data-animationType=\"fadeInUp\" data-animationDuration=\"0.3\" data-animationOffset=\"top-mid-of-view\"><div class=\"heading heading-with-icon icon-left\"><div aria-hidden=\"true\" class=\"image\"><img decoding=\"async\" src=\"https:\/\/aloe-canarias.com\/wp-content\/uploads\/2017\/08\/productosorg.jpg\" width=\"300\" height=\"227.33\" alt=\"\" \/><\/div><h2 class=\"content-box-heading\" style=\"--h2_typography-font-size:24px;line-height:29px;\">Organische Produkte<\/h2><\/div><div class=\"fusion-clearfix\"><\/div><div class=\"content-container\">Bescheinigte organische Produkte<\/div><\/div><\/div><div class=\"fusion-clearfix\"><\/div><\/div><div class=\"fusion-clearfix\"><\/div><\/div><\/div><\/div><\/div><div class=\"fusion-fullwidth fullwidth-box fusion-builder-row-6 nonhundred-percent-fullwidth non-hundred-percent-height-scrolling\" style=\"--awb-border-radius-top-left:0px;--awb-border-radius-top-right:0px;--awb-border-radius-bottom-right:0px;--awb-border-radius-bottom-left:0px;--awb-padding-top:40px;--awb-padding-right:50px;--awb-padding-bottom:50px;--awb-padding-left:50px;--awb-flex-wrap:wrap;\" ><div class=\"fusion-builder-row fusion-row\"><div class=\"fusion-layout-column fusion_builder_column fusion-builder-column-5 fusion_builder_column_1_1 1_1 fusion-one-full fusion-column-first fusion-column-last\" style=\"--awb-padding-right:80px;--awb-padding-left:80px;--awb-bg-size:cover;\"><div class=\"fusion-column-wrapper fusion-flex-column-wrapper-legacy\"><div class=\"fusion-text fusion-text-3\"><p style=\"text-align: center;\">Entdecke eine neue Form, Dich und Deine Haut mit unserer neuen organischen Kosmetikreihe zu pflegen. Du bekommst die notwendigen nat\u00fcrlichen N\u00e4hrstoffe, um das Wohlbefinden Deiner Haut mit einer neuartigen Empfindung wieder herzustellen, die Deine Sinne auf nat\u00fcrliche Weise wecken wird.<\/p>\n<h2 style=\"text-align: center;\">Ein Impuls, den Du innerlich und \u00e4usserlich bemerken wirst.<\/h2>\n<\/div><div class=\"fusion-sep-clear\"><\/div><div class=\"fusion-separator fusion-full-width-sep\" style=\"margin-left: auto;margin-right: auto;margin-top:50px;margin-bottom:20px;width:100%;\"><\/div><div class=\"fusion-sep-clear\"><\/div><div class=\"fusion-clearfix\"><\/div><\/div><\/div><\/div><\/div><\/p>","protected":false},"excerpt":{"rendered":"","protected":false},"author":2,"featured_media":0,"parent":0,"menu_order":0,"comment_status":"closed","ping_status":"closed","template":"100-width.php","meta":{"footnotes":""},"class_list":["post-25","page","type-page","status-publish","hentry"],"yoast_head":"<!-- This site is optimized with the Yoast SEO plugin v27.5 - https:\/\/yoast.com\/product\/yoast-seo-wordpress\/ -->\n<title>Home - Aloe+ Canarias<\/title>\n<meta name=\"robots\" content=\"index, follow, max-snippet:-1, max-image-preview:large, max-video-preview:-1\" \/>\n<link rel=\"canonical\" href=\"https:\/\/aloe-canarias.com\/\" \/>\n<meta property=\"og:locale\" content=\"de_DE\" \/>\n<meta property=\"og:type\" content=\"article\" \/>\n<meta property=\"og:title\" content=\"Home - Aloe+ Canarias\" \/>\n<meta property=\"og:url\" content=\"https:\/\/aloe-canarias.com\/\" \/>\n<meta property=\"og:site_name\" content=\"Aloe+ Canarias\" \/>\n<meta property=\"article:modified_time\" content=\"2019-12-06T18:01:27+00:00\" \/>\n<meta name=\"twitter:card\" content=\"summary_large_image\" \/>\n<meta name=\"twitter:label1\" content=\"Gesch\u00e4tzte Lesezeit\" \/>\n\t<meta name=\"twitter:data1\" content=\"10\u00a0Minuten\" \/>\n<script type=\"application\/ld+json\" class=\"yoast-schema-graph\">{\"@context\":\"https:\\\/\\\/schema.org\",\"@graph\":[{\"@type\":\"WebPage\",\"@id\":\"https:\\\/\\\/aloe-canarias.com\\\/\",\"url\":\"https:\\\/\\\/aloe-canarias.com\\\/\",\"name\":\"Home - Aloe+ Canarias\",\"isPartOf\":{\"@id\":\"https:\\\/\\\/aloe-canarias.com\\\/#website\"},\"datePublished\":\"2017-08-31T12:02:57+00:00\",\"dateModified\":\"2019-12-06T18:01:27+00:00\",\"breadcrumb\":{\"@id\":\"https:\\\/\\\/aloe-canarias.com\\\/#breadcrumb\"},\"inLanguage\":\"de\",\"potentialAction\":[{\"@type\":\"ReadAction\",\"target\":[\"https:\\\/\\\/aloe-canarias.com\\\/\"]}]},{\"@type\":\"BreadcrumbList\",\"@id\":\"https:\\\/\\\/aloe-canarias.com\\\/#breadcrumb\",\"itemListElement\":[{\"@type\":\"ListItem\",\"position\":1,\"name\":\"Portada\",\"item\":\"https:\\\/\\\/aloe-canarias.com\\\/\"},{\"@type\":\"ListItem\",\"position\":2,\"name\":\"Inicio\"}]},{\"@type\":\"WebSite\",\"@id\":\"https:\\\/\\\/aloe-canarias.com\\\/#website\",\"url\":\"https:\\\/\\\/aloe-canarias.com\\\/\",\"name\":\"Aloe+ Canarias\",\"description\":\"Otro sitio realizado con WordPress\",\"potentialAction\":[{\"@type\":\"SearchAction\",\"target\":{\"@type\":\"EntryPoint\",\"urlTemplate\":\"https:\\\/\\\/aloe-canarias.com\\\/?s={search_term_string}\"},\"query-input\":{\"@type\":\"PropertyValueSpecification\",\"valueRequired\":true,\"valueName\":\"search_term_string\"}}],\"inLanguage\":\"de\"}]}<\/script>\n<!-- \/ Yoast SEO plugin. -->","yoast_head_json":{"title":"Home - Aloe+ Canarias","robots":{"index":"index","follow":"follow","max-snippet":"max-snippet:-1","max-image-preview":"max-image-preview:large","max-video-preview":"max-video-preview:-1"},"canonical":"https:\/\/aloe-canarias.com\/","og_locale":"de_DE","og_type":"article","og_title":"Home - Aloe+ Canarias","og_url":"https:\/\/aloe-canarias.com\/","og_site_name":"Aloe+ Canarias","article_modified_time":"2019-12-06T18:01:27+00:00","twitter_card":"summary_large_image","twitter_misc":{"Gesch\u00e4tzte Lesezeit":"10\u00a0Minuten"},"schema":{"@context":"https:\/\/schema.org","@graph":[{"@type":"WebPage","@id":"https:\/\/aloe-canarias.com\/","url":"https:\/\/aloe-canarias.com\/","name":"Home - Aloe+ Canarias","isPartOf":{"@id":"https:\/\/aloe-canarias.com\/#website"},"datePublished":"2017-08-31T12:02:57+00:00","dateModified":"2019-12-06T18:01:27+00:00","breadcrumb":{"@id":"https:\/\/aloe-canarias.com\/#breadcrumb"},"inLanguage":"de","potentialAction":[{"@type":"ReadAction","target":["https:\/\/aloe-canarias.com\/"]}]},{"@type":"BreadcrumbList","@id":"https:\/\/aloe-canarias.com\/#breadcrumb","itemListElement":[{"@type":"ListItem","position":1,"name":"Portada","item":"https:\/\/aloe-canarias.com\/"},{"@type":"ListItem","position":2,"name":"Inicio"}]},{"@type":"WebSite","@id":"https:\/\/aloe-canarias.com\/#website","url":"https:\/\/aloe-canarias.com\/","name":"Aloe+ Canarias","description":"Otro sitio realizado con WordPress","potentialAction":[{"@type":"SearchAction","target":{"@type":"EntryPoint","urlTemplate":"https:\/\/aloe-canarias.com\/?s={search_term_string}"},"query-input":{"@type":"PropertyValueSpecification","valueRequired":true,"valueName":"search_term_string"}}],"inLanguage":"de"}]}},"_links":{"self":[{"href":"https:\/\/aloe-canarias.com\/de\/wp-json\/wp\/v2\/pages\/25","targetHints":{"allow":["GET"]}}],"collection":[{"href":"https:\/\/aloe-canarias.com\/de\/wp-json\/wp\/v2\/pages"}],"about":[{"href":"https:\/\/aloe-canarias.com\/de\/wp-json\/wp\/v2\/types\/page"}],"author":[{"embeddable":true,"href":"https:\/\/aloe-canarias.com\/de\/wp-json\/wp\/v2\/users\/2"}],"replies":[{"embeddable":true,"href":"https:\/\/aloe-canarias.com\/de\/wp-json\/wp\/v2\/comments?post=25"}],"version-history":[{"count":31,"href":"https:\/\/aloe-canarias.com\/de\/wp-json\/wp\/v2\/pages\/25\/revisions"}],"predecessor-version":[{"id":257,"href":"https:\/\/aloe-canarias.com\/de\/wp-json\/wp\/v2\/pages\/25\/revisions\/257"}],"wp:attachment":[{"href":"https:\/\/aloe-canarias.com\/de\/wp-json\/wp\/v2\/media?parent=25"}],"curies":[{"name":"wp","href":"https:\/\/api.w.org\/{rel}","templated":true}]}}