{"id":54,"date":"2017-08-31T13:03:32","date_gmt":"2017-08-31T13:03:32","guid":{"rendered":"https:\/\/aloe-canarias.com\/?page_id=54"},"modified":"2017-11-15T08:33:17","modified_gmt":"2017-11-15T08:33:17","slug":"aloeplus-canarias","status":"publish","type":"page","link":"https:\/\/aloe-canarias.com\/de\/aloeplus-canarias\/","title":{"rendered":"Aloeplus Canarias"},"content":{"rendered":"<p><div class=\"fusion-fullwidth fullwidth-box fusion-builder-row-5 nonhundred-percent-fullwidth non-hundred-percent-height-scrolling\" style=\"--awb-border-radius-top-left:0px;--awb-border-radius-top-right:0px;--awb-border-radius-bottom-right:0px;--awb-border-radius-bottom-left:0px;--awb-flex-wrap:wrap;\" ><div class=\"fusion-builder-row fusion-row\"><div class=\"fusion-layout-column fusion_builder_column fusion-builder-column-6 fusion_builder_column_1_2 1_2 fusion-one-half fusion-column-first\" style=\"--awb-bg-size:cover;width:50%;width:calc(50% - ( ( 4% ) * 0.5 ) );margin-right: 4%;\"><div class=\"fusion-column-wrapper fusion-flex-column-wrapper-legacy\"><div class=\"fusion-text fusion-text-5\"><p>Wir sind seit 2007 Meister der Aloe Vera. Unser h\u00f6chstes Engagement liegt darin, die Kosmetik unter Ber\u00fccksichtigung der uns umgebenden Umwelt zu kombinieren. Wir sind Pioniere bei der Kreation einer organischen Produkte-Linie, die auf der Grundlage von Aloe Vera hergestellt wird. Auf diese Weise erf\u00fcllen unsere Produkte alle Standards, die f\u00fcr sie sprechen.<\/p>\n<p>Die Gesellschaft erlebt ein unaufhaltsames Wachstum. Daher ist es wichtig, Kr\u00e4fte zu vereinen, um die \u00f6kologische Nachhaltigkeit und die Wirtschaft m\u00f6glichst im Gleichgewicht zu halten. So ist es genauso wichtig, der Zufriedenheit des Kunden Aufmerksamkeit zu schenken, welcher immer mehr die Transparenz in der Herstellung der von ihm benutzten Produkte fordert, sowie in die organischen Produktionen.<\/p>\n<p>Mit dem Vorsatz, auf diese Nachfrage eine Antwort zu geben, hat sich unsere Firma mit der Investition in Forschung, Entwicklung und Erneuerung im Hinblick auf eine nachhaltige Entwicklung in die Umwelt  stark gemacht. F\u00fcr uns ist die organische Linie das Resultat dieser Anstrengung.<\/p>\n<p>&nbsp;<\/p>\n<\/div><div class=\"fusion-clearfix\"><\/div><\/div><\/div><div class=\"fusion-layout-column fusion_builder_column fusion-builder-column-7 fusion_builder_column_1_2 1_2 fusion-one-half fusion-column-last\" style=\"--awb-bg-size:cover;width:50%;width:calc(50% - ( ( 4% ) * 0.5 ) );\"><div class=\"fusion-column-wrapper fusion-flex-column-wrapper-legacy\"><div class=\"fusion-image-carousel fusion-image-carousel-auto fusion-image-carousel-3\"><div class=\"awb-carousel awb-swiper awb-swiper-carousel awb-carousel--carousel awb-swiper-dots-position-bottom\" data-layout=\"carousel\" data-autoplay=\"yes\" data-autoplayspeed=\"2500\" data-autoplaypause=\"no\" data-columns=\"1\" data-columnsmedium=\"1\" data-columnssmall=\"1\" data-itemmargin=\"0\" data-itemwidth=\"180\" data-touchscroll=\"no\" data-freemode=\"no\" data-imagesize=\"auto\" data-scrollitems=\"0\" data-centeredslides=\"no\" data-rotationangle=\"50\" data-depth=\"100\" data-speed=\"500\" data-shadow=\"no\" data-pagination=\"bullets\" style=\"--awb-columns:1;--awb-column-spacing:0px;\"><div class=\"swiper-wrapper awb-image-carousel-wrapper fusion-flex-align-items-center\"><div class=\"swiper-slide\"><div class=\"fusion-carousel-item-wrapper\"><div class=\"fusion-image-wrapper hover-type-none\"><img decoding=\"async\" width=\"1350\" height=\"929\" src=\"https:\/\/aloe-canarias.com\/wp-content\/uploads\/2017\/08\/slb2.jpg\" class=\"attachment-full size-full\" alt=\"\" srcset=\"https:\/\/aloe-canarias.com\/wp-content\/uploads\/2017\/08\/slb2-200x138.jpg 200w, https:\/\/aloe-canarias.com\/wp-content\/uploads\/2017\/08\/slb2-300x206.jpg 300w, https:\/\/aloe-canarias.com\/wp-content\/uploads\/2017\/08\/slb2-400x275.jpg 400w, https:\/\/aloe-canarias.com\/wp-content\/uploads\/2017\/08\/slb2-600x413.jpg 600w, https:\/\/aloe-canarias.com\/wp-content\/uploads\/2017\/08\/slb2-768x528.jpg 768w, https:\/\/aloe-canarias.com\/wp-content\/uploads\/2017\/08\/slb2-800x551.jpg 800w, https:\/\/aloe-canarias.com\/wp-content\/uploads\/2017\/08\/slb2-1024x705.jpg 1024w, https:\/\/aloe-canarias.com\/wp-content\/uploads\/2017\/08\/slb2-1200x826.jpg 1200w, https:\/\/aloe-canarias.com\/wp-content\/uploads\/2017\/08\/slb2.jpg 1350w\" sizes=\"(max-width: 1350px) 100vw, 1350px\" \/><\/div><\/div><\/div><div class=\"swiper-slide\"><div class=\"fusion-carousel-item-wrapper\"><div class=\"fusion-image-wrapper hover-type-none\"><img decoding=\"async\" width=\"1350\" height=\"929\" src=\"https:\/\/aloe-canarias.com\/wp-content\/uploads\/2017\/08\/slb1.jpg\" class=\"attachment-full size-full\" alt=\"\" srcset=\"https:\/\/aloe-canarias.com\/wp-content\/uploads\/2017\/08\/slb1-200x138.jpg 200w, https:\/\/aloe-canarias.com\/wp-content\/uploads\/2017\/08\/slb1-300x206.jpg 300w, https:\/\/aloe-canarias.com\/wp-content\/uploads\/2017\/08\/slb1-400x275.jpg 400w, https:\/\/aloe-canarias.com\/wp-content\/uploads\/2017\/08\/slb1-600x413.jpg 600w, https:\/\/aloe-canarias.com\/wp-content\/uploads\/2017\/08\/slb1-768x528.jpg 768w, https:\/\/aloe-canarias.com\/wp-content\/uploads\/2017\/08\/slb1-800x551.jpg 800w, https:\/\/aloe-canarias.com\/wp-content\/uploads\/2017\/08\/slb1-1024x705.jpg 1024w, https:\/\/aloe-canarias.com\/wp-content\/uploads\/2017\/08\/slb1-1200x826.jpg 1200w, https:\/\/aloe-canarias.com\/wp-content\/uploads\/2017\/08\/slb1.jpg 1350w\" sizes=\"(max-width: 1350px) 100vw, 1350px\" \/><\/div><\/div><\/div><div class=\"swiper-slide\"><div class=\"fusion-carousel-item-wrapper\"><div class=\"fusion-image-wrapper hover-type-none\"><img decoding=\"async\" width=\"553\" height=\"467\" src=\"https:\/\/aloe-canarias.com\/wp-content\/uploads\/2017\/08\/logolaoepluscanariasnatural.jpg\" class=\"attachment-full size-full\" alt=\"\" srcset=\"https:\/\/aloe-canarias.com\/wp-content\/uploads\/2017\/08\/logolaoepluscanariasnatural-300x253.jpg 300w, https:\/\/aloe-canarias.com\/wp-content\/uploads\/2017\/08\/logolaoepluscanariasnatural.jpg 553w\" sizes=\"(max-width: 553px) 100vw, 553px\" \/><\/div><\/div><\/div><\/div><\/div><\/div><div class=\"fusion-clearfix\"><\/div><\/div><\/div><\/div><\/div><div class=\"fusion-fullwidth fullwidth-box fusion-builder-row-6 nonhundred-percent-fullwidth non-hundred-percent-height-scrolling\" style=\"--awb-border-radius-top-left:0px;--awb-border-radius-top-right:0px;--awb-border-radius-bottom-right:0px;--awb-border-radius-bottom-left:0px;--awb-flex-wrap:wrap;\" ><div class=\"fusion-builder-row fusion-row\"><div class=\"fusion-layout-column fusion_builder_column fusion-builder-column-8 fusion_builder_column_1_1 1_1 fusion-one-full fusion-column-first fusion-column-last\" style=\"--awb-bg-size:cover;\"><div class=\"fusion-column-wrapper fusion-flex-column-wrapper-legacy\"><div class=\"fusion-text fusion-text-6\"><h3><strong>Export<\/strong><\/h3>\n<p>Die Zufriedenheit unserer Kunden ist unser Hauptanliegen. Wir erreichen alle Teile der Welt mit einer weitreichenden Verteilung unserer Produkte und arbeiten weiterhin an der Kundenbindung und unsere Produkte in andere M\u00e4rkte zu verbreiten.<\/p>\n<h3><strong>Kontakt<\/strong><\/h3>\n<p>Wenn Du mehr \u00fcber die organische Produkte Linie von Aloe Vera Canarias wissen m\u00f6chtest, setze Dich in Verbindung mit uns unter:<\/p>\n<p><a href=\"https:\/\/aloepluscanarias.com\">www.aloepluscanarias.com<\/a><\/p>\n<p><a href=\"mailto:info@aloepluscanarias.com\">info@aloepluscanarias.com<\/a><\/p>\n<p>Anschrift:  Carretera General de La Esperanza, kil\u00f3metro 5,5 Santa Cruz de Tenerife<\/p>\n<p>Telefon: 922 54 86 04<\/p>\n<\/div><div class=\"fusion-clearfix\"><\/div><\/div><\/div><\/div><\/div><\/p>","protected":false},"excerpt":{"rendered":"","protected":false},"author":2,"featured_media":0,"parent":0,"menu_order":0,"comment_status":"closed","ping_status":"closed","template":"","meta":{"footnotes":""},"class_list":["post-54","page","type-page","status-publish","hentry"],"yoast_head":"<!-- This site is optimized with the Yoast SEO plugin v27.5 - https:\/\/yoast.com\/product\/yoast-seo-wordpress\/ -->\n<title>Aloeplus Canarias - Aloe+ Canarias<\/title>\n<meta name=\"robots\" content=\"index, follow, max-snippet:-1, max-image-preview:large, max-video-preview:-1\" \/>\n<link rel=\"canonical\" href=\"https:\/\/aloe-canarias.com\/aloeplus-canarias\/\" \/>\n<meta property=\"og:locale\" content=\"de_DE\" \/>\n<meta property=\"og:type\" content=\"article\" \/>\n<meta property=\"og:title\" content=\"Aloeplus Canarias - Aloe+ Canarias\" \/>\n<meta property=\"og:url\" content=\"https:\/\/aloe-canarias.com\/aloeplus-canarias\/\" \/>\n<meta property=\"og:site_name\" content=\"Aloe+ Canarias\" \/>\n<meta property=\"article:modified_time\" content=\"2017-11-15T08:33:17+00:00\" \/>\n<meta name=\"twitter:card\" content=\"summary_large_image\" \/>\n<meta name=\"twitter:label1\" content=\"Gesch\u00e4tzte Lesezeit\" \/>\n\t<meta name=\"twitter:data1\" content=\"10\u00a0Minuten\" \/>\n<script type=\"application\/ld+json\" class=\"yoast-schema-graph\">{\"@context\":\"https:\\\/\\\/schema.org\",\"@graph\":[{\"@type\":\"WebPage\",\"@id\":\"https:\\\/\\\/aloe-canarias.com\\\/aloeplus-canarias\\\/\",\"url\":\"https:\\\/\\\/aloe-canarias.com\\\/aloeplus-canarias\\\/\",\"name\":\"Aloeplus Canarias - Aloe+ Canarias\",\"isPartOf\":{\"@id\":\"https:\\\/\\\/aloe-canarias.com\\\/#website\"},\"datePublished\":\"2017-08-31T13:03:32+00:00\",\"dateModified\":\"2017-11-15T08:33:17+00:00\",\"breadcrumb\":{\"@id\":\"https:\\\/\\\/aloe-canarias.com\\\/aloeplus-canarias\\\/#breadcrumb\"},\"inLanguage\":\"de\",\"potentialAction\":[{\"@type\":\"ReadAction\",\"target\":[\"https:\\\/\\\/aloe-canarias.com\\\/aloeplus-canarias\\\/\"]}]},{\"@type\":\"BreadcrumbList\",\"@id\":\"https:\\\/\\\/aloe-canarias.com\\\/aloeplus-canarias\\\/#breadcrumb\",\"itemListElement\":[{\"@type\":\"ListItem\",\"position\":1,\"name\":\"Portada\",\"item\":\"https:\\\/\\\/aloe-canarias.com\\\/\"},{\"@type\":\"ListItem\",\"position\":2,\"name\":\"Aloeplus Canarias\"}]},{\"@type\":\"WebSite\",\"@id\":\"https:\\\/\\\/aloe-canarias.com\\\/#website\",\"url\":\"https:\\\/\\\/aloe-canarias.com\\\/\",\"name\":\"Aloe+ Canarias\",\"description\":\"Otro sitio realizado con WordPress\",\"potentialAction\":[{\"@type\":\"SearchAction\",\"target\":{\"@type\":\"EntryPoint\",\"urlTemplate\":\"https:\\\/\\\/aloe-canarias.com\\\/?s={search_term_string}\"},\"query-input\":{\"@type\":\"PropertyValueSpecification\",\"valueRequired\":true,\"valueName\":\"search_term_string\"}}],\"inLanguage\":\"de\"}]}<\/script>\n<!-- \/ Yoast SEO plugin. -->","yoast_head_json":{"title":"Aloeplus Canarias - Aloe+ Canarias","robots":{"index":"index","follow":"follow","max-snippet":"max-snippet:-1","max-image-preview":"max-image-preview:large","max-video-preview":"max-video-preview:-1"},"canonical":"https:\/\/aloe-canarias.com\/aloeplus-canarias\/","og_locale":"de_DE","og_type":"article","og_title":"Aloeplus Canarias - Aloe+ Canarias","og_url":"https:\/\/aloe-canarias.com\/aloeplus-canarias\/","og_site_name":"Aloe+ Canarias","article_modified_time":"2017-11-15T08:33:17+00:00","twitter_card":"summary_large_image","twitter_misc":{"Gesch\u00e4tzte Lesezeit":"10\u00a0Minuten"},"schema":{"@context":"https:\/\/schema.org","@graph":[{"@type":"WebPage","@id":"https:\/\/aloe-canarias.com\/aloeplus-canarias\/","url":"https:\/\/aloe-canarias.com\/aloeplus-canarias\/","name":"Aloeplus Canarias - Aloe+ Canarias","isPartOf":{"@id":"https:\/\/aloe-canarias.com\/#website"},"datePublished":"2017-08-31T13:03:32+00:00","dateModified":"2017-11-15T08:33:17+00:00","breadcrumb":{"@id":"https:\/\/aloe-canarias.com\/aloeplus-canarias\/#breadcrumb"},"inLanguage":"de","potentialAction":[{"@type":"ReadAction","target":["https:\/\/aloe-canarias.com\/aloeplus-canarias\/"]}]},{"@type":"BreadcrumbList","@id":"https:\/\/aloe-canarias.com\/aloeplus-canarias\/#breadcrumb","itemListElement":[{"@type":"ListItem","position":1,"name":"Portada","item":"https:\/\/aloe-canarias.com\/"},{"@type":"ListItem","position":2,"name":"Aloeplus Canarias"}]},{"@type":"WebSite","@id":"https:\/\/aloe-canarias.com\/#website","url":"https:\/\/aloe-canarias.com\/","name":"Aloe+ Canarias","description":"Otro sitio realizado con WordPress","potentialAction":[{"@type":"SearchAction","target":{"@type":"EntryPoint","urlTemplate":"https:\/\/aloe-canarias.com\/?s={search_term_string}"},"query-input":{"@type":"PropertyValueSpecification","valueRequired":true,"valueName":"search_term_string"}}],"inLanguage":"de"}]}},"_links":{"self":[{"href":"https:\/\/aloe-canarias.com\/de\/wp-json\/wp\/v2\/pages\/54","targetHints":{"allow":["GET"]}}],"collection":[{"href":"https:\/\/aloe-canarias.com\/de\/wp-json\/wp\/v2\/pages"}],"about":[{"href":"https:\/\/aloe-canarias.com\/de\/wp-json\/wp\/v2\/types\/page"}],"author":[{"embeddable":true,"href":"https:\/\/aloe-canarias.com\/de\/wp-json\/wp\/v2\/users\/2"}],"replies":[{"embeddable":true,"href":"https:\/\/aloe-canarias.com\/de\/wp-json\/wp\/v2\/comments?post=54"}],"version-history":[{"count":12,"href":"https:\/\/aloe-canarias.com\/de\/wp-json\/wp\/v2\/pages\/54\/revisions"}],"predecessor-version":[{"id":227,"href":"https:\/\/aloe-canarias.com\/de\/wp-json\/wp\/v2\/pages\/54\/revisions\/227"}],"wp:attachment":[{"href":"https:\/\/aloe-canarias.com\/de\/wp-json\/wp\/v2\/media?parent=54"}],"curies":[{"name":"wp","href":"https:\/\/api.w.org\/{rel}","templated":true}]}}